{"id":98,"date":"2010-01-02T14:43:21","date_gmt":"2010-01-02T13:43:21","guid":{"rendered":"http:\/\/www.heidi-muehlenberg.de\/?page_id=98"},"modified":"2010-01-03T19:32:34","modified_gmt":"2010-01-03T18:32:34","slug":"drehbucher","status":"publish","type":"page","link":"https:\/\/www.heidi-muehlenberg.de\/?page_id=98","title":{"rendered":"Drehb\u00fccher"},"content":{"rendered":"<p>Ein neues, hoffentlich erfolgreiches Kapitel meiner Fernseharbeit startete im M\u00e4rz 2009. Die einj\u00e4hrige Autorenschule f\u00fcr Drehbuchschreiber im Bereich Fiction (Spielfilm) an der Filmschule Hamburg\/Berlin. Mit wundervollen Autorenkolleginnen und Kollegen und der super engagierten Filmschul-Leiterin Sigrid Berenberg sowie meiner versierten und geduldigen Mentorin Susanne Ottersbach-Flimm.<\/p>\n<p><strong>Synopsis zum<\/strong><\/p>\n<h1><strong>Drehbuch \u201eOperation Nautilus\u201c<\/strong><\/h1>\n<p><strong>Heidi M\u00fchlenberg<\/strong><\/p>\n<p>Nautikstudent Jonas Paschleben ist Halbwaise und lebt f\u00fcr seinen gro\u00dfen Traum: Er will Kapit\u00e4n werden \u2013 gegen alle Widerst\u00e4nde seiner Familie &#8211; und zwar der beste. Am liebsten auf einem schicken Kreuzfahrtschiff. Daf\u00fcr sind ihm auch Intrigen recht, sehr zum Missfallen seines neuen Ausbilders, des omin\u00f6sen Kapit\u00e4ns Hillenkamp. Riesig ist Jonas\u00b4 Freude, als er und sein Kumpel Sepp ausgew\u00e4hlt werden, ihre\u00a0 gro\u00dfes Seepraktikum auf dem Kreuzfahrtschiff des russischen Gro\u00dfreeders Borodinow anzutreten. Alles l\u00e4uft perfekt, bis ihr Schiff nachts vor Marokko ein voll besetztes Fl\u00fcchtlingsboot rammt. Die Matrosen retten Dutzende Schwarzafrikaner vorm Ertrinken. Versicherungsagenten k\u00fcmmern sich an Bord\u00a0 um die Geretteten und sollen z\u00fcgig den Abtransport managen. Da wird Sepp zuf\u00e4llig Augenzeuge eines brutalen Mordes an einem der Schiffsbr\u00fcchigen. Aus Feigheit und besorgt um seine Karriere l\u00e4sst Jonas seinen Freund in gr\u00f6\u00dfter Not im Stich. Sepp verletzt sich schwer, als er die Fl\u00fcchtlingsfrau Safaa vorm Ertrinken rettet. Sepp wird von Bord gebracht. Jonas plagt das schlechte Gewissen. Er k\u00fcmmert sich um die seelenkranke Safaa und verliebt sich in sie. Beide finden das Video, das Sepp von der Mordnacht gedreht hat. Zum Beweis seiner Liebe k\u00e4mpft Jonas seine Feigheit nieder und zeigt den M\u00f6rder an. Er ahnt nicht, dass der Mord Methode hat und die sch\u00f6ne Reederin Alexa Borodinowa alles wei\u00df. Ein Mordanschlag zwingt Jonas zur Flucht von Bord.<\/p>\n<p>Jonas Traum platzt, als die Seefahrtschule ihn feuert. Mit dem Mut der Verzweiflung nimmt Jonas den ungleichen Kampf mit der korrupten Reederin auf, unterst\u00fctzt von seinem leiblichen Vater \u2013 eben jenem Kapit\u00e4n Hillenkamp, der nach 23 Jahren pl\u00f6tzlich wieder aufgetaucht ist.\u00a0 Auf der Suche nach dem verschwundenen Sepp decken sie in Afrika den perfiden Deal der Borodinowa auf: Um ruin\u00f6se Kosten zu vermeiden, entsorgt eine afrikanische Privatagentur die geretteten Fl\u00fcchtlinge von Borodinowas Schiffen. Sie verschwinden auf Nimmerwiedersehen in der W\u00fcste. Als Europas Grenzschutzagentur FRONTEX die Operation NAUTILUS startet und Europas Seegrenzen gegen den Ansturm der Fl\u00fcchtlinge verminen l\u00e4sst, muss sich Jonas entscheiden zwischen seinem Traum und seinem Gewissen.<\/p>\n<p>Im finalen Showdown vor der Kanareninsel Las Palmas springt Jonas seinem sterbenskranken Vater zur Seite, der unterm Decknamen Nargis eine Fl\u00fcchtlingshilfebewegung initiiert hat. Mit einer spektakul\u00e4ren Schiffsdemo von Zehntausenden im kritischen Korridor r\u00fctteln sie Europas \u00d6ffentlichkeit wach. Jonas ist erwachsen geworden, angekommen auf dieser Welt.<\/p>\n","protected":false},"excerpt":{"rendered":"<p>Ein neues, hoffentlich erfolgreiches Kapitel meiner Fernseharbeit startete im M\u00e4rz 2009. Die einj\u00e4hrige Autorenschule f\u00fcr Drehbuchschreiber im Bereich Fiction (Spielfilm) an der Filmschule Hamburg\/Berlin. Mit wundervollen Autorenkolleginnen und Kollegen und der super engagierten Filmschul-Leiterin Sigrid Berenberg sowie meiner versierten und geduldigen Mentorin Susanne Ottersbach-Flimm. Synopsis zum Drehbuch \u201eOperation Nautilus\u201c Heidi M\u00fchlenberg Nautikstudent Jonas Paschleben, <a class=\"read-more\" href=\"https:\/\/www.heidi-muehlenberg.de\/?page_id=98\">Read More<\/a><\/p>\n","protected":false},"author":1,"featured_media":0,"parent":0,"menu_order":6,"comment_status":"open","ping_status":"open","template":"","meta":{"footnotes":""},"class_list":["post-98","page","type-page","status-publish","hentry"],"_links":{"self":[{"href":"https:\/\/www.heidi-muehlenberg.de\/index.php?rest_route=\/wp\/v2\/pages\/98"}],"collection":[{"href":"https:\/\/www.heidi-muehlenberg.de\/index.php?rest_route=\/wp\/v2\/pages"}],"about":[{"href":"https:\/\/www.heidi-muehlenberg.de\/index.php?rest_route=\/wp\/v2\/types\/page"}],"author":[{"embeddable":true,"href":"https:\/\/www.heidi-muehlenberg.de\/index.php?rest_route=\/wp\/v2\/users\/1"}],"replies":[{"embeddable":true,"href":"https:\/\/www.heidi-muehlenberg.de\/index.php?rest_route=%2Fwp%2Fv2%2Fcomments&post=98"}],"version-history":[{"count":4,"href":"https:\/\/www.heidi-muehlenberg.de\/index.php?rest_route=\/wp\/v2\/pages\/98\/revisions"}],"predecessor-version":[{"id":217,"href":"https:\/\/www.heidi-muehlenberg.de\/index.php?rest_route=\/wp\/v2\/pages\/98\/revisions\/217"}],"wp:attachment":[{"href":"https:\/\/www.heidi-muehlenberg.de\/index.php?rest_route=%2Fwp%2Fv2%2Fmedia&parent=98"}],"curies":[{"name":"wp","href":"https:\/\/api.w.org\/{rel}","templated":true}]}}