{"id":94,"date":"2010-01-02T14:41:07","date_gmt":"2010-01-02T13:41:07","guid":{"rendered":"http:\/\/www.heidi-muehlenberg.de\/?page_id=94"},"modified":"2016-01-05T15:20:19","modified_gmt":"2016-01-05T14:20:19","slug":"p_books","status":"publish","type":"page","link":"https:\/\/www.heidi-muehlenberg.de\/?page_id=94","title":{"rendered":"B\u00fccher"},"content":{"rendered":"<p>Heidi M\u00fchlenberg \/ Michael Kurt:<\/p>\n<h1><strong>Panikbl\u00fcte<\/strong><\/h1>\n<p>Bitterfeld-Report<\/p>\n<p><strong>Rezensionen:<\/strong><br \/>\n\u00bbAber gerade die \u00fcberspielte Fassungslosigkeit angesichts der zu Tage gef\u00f6rderten Giftpotentiale l\u00e4\u00dft das Bild der Panikbl\u00fcte glaubw\u00fcrdiger erscheinen als das Versprechen auf umfassende Sanierung.\u00ab<br \/>\n(Natur)<\/p>\n<p style=\"text-align: center;\"><img loading=\"lazy\" decoding=\"async\" class=\"aligncenter\" title=\"Cover: Panikbl\u00fcte\" src=\"http:\/\/www.heidi-muehlenberg.de\/images\/panikbluete.jpg\" alt=\"\" width=\"300\" height=\"225\" \/><\/p>\n<p><strong><br \/>\n<\/strong><\/p>\n<p><strong>Aus dem Vorwort zur \u201ePanikbl\u00fcte\u201c von 1991<\/strong><strong>:<\/strong><\/p>\n<p><strong> <\/strong> Ein kranker Baum k\u00fcndigt sein Sterben an. Mit \u00fcberlangen, frischgr\u00fcnen Trieben. Was den Spazierg\u00e4nger entz\u00fcckt, verr\u00e4t dem Forstmann: Der Baum ist verloren. Biologen pr\u00e4gten daf\u00fcr den Begriff Panikbl\u00fcte.<\/p>\n<p>Sooft ich das Nachwende-Bitterfeld besuche, f\u00e4llt mir dieses Wort ein. Die kleine Chemiearbeiterstadt liftet ihr \u00c4u\u00dferes. Wie Pilze schie\u00dfen Einkaufszentren, Autohallen, Imbi\u00dfbuden aus dem Boden. Neugr\u00fcnder-Fassaden f\u00e4rben die grauen Strassen bunt. D\u00e4cher werden repariert, H\u00e4user vom Jahrzehnte alten Schmutz befreit. Die Region ist dennoch todkrank. St\u00e4rker noch als andere der Ex-DDR h\u00e4ngt sie am Tropf des gro\u00dfen Geldes von weither. Die heimische Karbochemie, einst Lebenselixier der DDR-Wirtschaft, ringt mit dem Tod und droht, die ganze von ihr abh\u00e4ngige Region in den Strudel zu rei\u00dfen.<\/p>\n<p>Dem schleichenden Aderla\u00df der Vorwendezeit folgt der Blutsturz der unblutigen Revolution. Ob es ein heilender Aderla\u00df wird oder ob er das industrielle Aus einer ausgepowerten Region besiegelt, bleibt offen.<\/p>\n<p>Dieses Buch unternimmt den Versuch, ein wahrheitsgetreues Gesamtbild der Region zu zeichnen. Es zeigt Bitterfeld, wie es sich bis Ende 1990 ver\u00e4nderte. Es finden sich mutige Menschen, ehemalige Verantwortliche, einfache Leute und ihre Hoffnung auf bessere Zeiten. Leben braucht Hoffnung. Doch bar von Wissen ger\u00e4t Hoffnung zur tr\u00fcgerischen Illusion. Die Recherchen zum Buch umfassen die Zeit von Mai bis Dezember 1990.<\/p>\n<p style=\"margin-top: 34px\">\n<h1>Weitere Ver\u00f6ffentlichungen:<\/h1>\n<\/p>\n<p>Heidi M\u00fchlenberg: Kleine Geschichten von der Bimmel \u2013 Anekdoten aus der Geschichte der Leipziger Strassenbahn, Hrsg. Leipziger Verkehrsbetriebe, Leipzig, 1996.<\/p>\n<p><img loading=\"lazy\" decoding=\"async\" class=\"aligncenter\" title=\"Cover: Kleine Geschichten von der Bimmel\" src=\"http:\/\/www.heidi-muehlenberg.de\/images\/bimmel.jpg\" alt=\"\" width=\"315\" height=\"311\" \/><\/p>\n<p>100 Jahre Strom f\u00fcr Leipzig, Festschrift zum 100. Jubil\u00e4um der Leipziger Stadtwerke, Leipzig, 1995.<\/p>\n<p><img loading=\"lazy\" decoding=\"async\" class=\"aligncenter\" title=\"Cover: 100 Jahre Strom f\u00fcr Leipzig\" src=\"http:\/\/www.heidi-muehlenberg.de\/images\/stadtwerke.jpg\" alt=\"\" width=\"300\" height=\"379\" \/><\/p>\n<p>Verlorener Reichtum \u2013 Die Erosion unserer Nutzpflanzen, Brosch\u00fcre zur Ausstellung, Hrsg. Gr\u00fcne Liga Sachsen \u2013 \u00d6kol\u00f6we, Leipzig, 1996<\/p>\n","protected":false},"excerpt":{"rendered":"<p>Heidi M\u00fchlenberg \/ Michael Kurt: Panikbl\u00fcte Bitterfeld-Report Rezensionen: \u00bbAber gerade die \u00fcberspielte Fassungslosigkeit angesichts der zu Tage gef\u00f6rderten Giftpotentiale l\u00e4\u00dft das Bild der Panikbl\u00fcte glaubw\u00fcrdiger erscheinen als das Versprechen auf umfassende Sanierung.\u00ab (Natur) Aus dem Vorwort zur \u201ePanikbl\u00fcte\u201c von 1991: Ein kranker Baum k\u00fcndigt sein Sterben an. Mit \u00fcberlangen, frischgr\u00fcnen Trieben. Was den Spazierg\u00e4nger, <a class=\"read-more\" href=\"https:\/\/www.heidi-muehlenberg.de\/?page_id=94\">Read More<\/a><\/p>\n","protected":false},"author":1,"featured_media":0,"parent":0,"menu_order":7,"comment_status":"open","ping_status":"open","template":"","meta":{"footnotes":""},"class_list":["post-94","page","type-page","status-publish","hentry"],"_links":{"self":[{"href":"https:\/\/www.heidi-muehlenberg.de\/index.php?rest_route=\/wp\/v2\/pages\/94"}],"collection":[{"href":"https:\/\/www.heidi-muehlenberg.de\/index.php?rest_route=\/wp\/v2\/pages"}],"about":[{"href":"https:\/\/www.heidi-muehlenberg.de\/index.php?rest_route=\/wp\/v2\/types\/page"}],"author":[{"embeddable":true,"href":"https:\/\/www.heidi-muehlenberg.de\/index.php?rest_route=\/wp\/v2\/users\/1"}],"replies":[{"embeddable":true,"href":"https:\/\/www.heidi-muehlenberg.de\/index.php?rest_route=%2Fwp%2Fv2%2Fcomments&post=94"}],"version-history":[{"count":9,"href":"https:\/\/www.heidi-muehlenberg.de\/index.php?rest_route=\/wp\/v2\/pages\/94\/revisions"}],"predecessor-version":[{"id":207,"href":"https:\/\/www.heidi-muehlenberg.de\/index.php?rest_route=\/wp\/v2\/pages\/94\/revisions\/207"}],"wp:attachment":[{"href":"https:\/\/www.heidi-muehlenberg.de\/index.php?rest_route=%2Fwp%2Fv2%2Fmedia&parent=94"}],"curies":[{"name":"wp","href":"https:\/\/api.w.org\/{rel}","templated":true}]}}