{"id":651,"date":"2014-05-28T13:56:46","date_gmt":"2014-05-28T12:56:46","guid":{"rendered":"http:\/\/www.heidi-muehlenberg.de\/?page_id=651"},"modified":"2020-07-11T20:50:38","modified_gmt":"2020-07-11T19:50:38","slug":"datenschutzerklaerung","status":"publish","type":"page","link":"https:\/\/www.heidi-muehlenberg.de\/?page_id=651","title":{"rendered":"Datenschutz"},"content":{"rendered":"<h2>Wer wir sind<\/h2>\n<p>Die Adresse dieser Website ist: http:\/\/www.heidi-muehlenberg.de.<\/p>\n<p>Die Ernennung eines Datenschutzbeauftragten ist aufgrund der Randbedingungen (Anzahl der Mitarbeiter, Gesch\u00e4ftsfeld und Art der verarbeiteten Daten) nicht angezeigt. Bitte kontaktieren Sie bei Datenschutzfragen direkt die Autorin:<\/p>\n<p>Dr. Heidi M\u00fchlenberg<br \/>\nHolstentwiete 43<br \/>\n22763 Hamburg<\/p>\n<p>Telefon: +49 (0)40 397724<br \/>\nMobil: +49 (0)176 47709023<br \/>\nE-Mail:heidi.muehlenberg(at)gmx.de<\/p>\n<p>(weitere Informationen siehe <a href=\"http:\/\/www.heidi-muehlenberg.de\/?page_id=132\">Kontakt\/Impressum<\/a>)<\/p>\n<h2>Grundlegende Informationen<\/h2>\n<p>Diese Seite ist mit WordPress erstellt. Viele der nachfolgenden Informationen resultieren daher aus automatisierten Mechanismen von WordPress oder verwendeten WordPress-Plugins sowie dem aktiven Theme.<\/p>\n<p>Die Nutzung meiner Webseite ist in der Regel ohne Angabe personenbezogener Daten m\u00f6glich, Ausnahme ist die Kommentarfunktion, die die Angabe einer Mail-Adresse erfordert.<\/p>\n<p><strong>Rechtliche Grundlage der Datenerhebung<\/strong><\/p>\n<p>Rechtsgrundlage der Datenverarbeitung dieser Webseite ist die DSGVO Art.\u00a06 Abs.\u00a01 Bedingung f) sowie im Fall von Kommentaren Bedingung a).<\/p>\n<p><strong>Umfang und Zweck der Datenverarbeitung<\/strong><\/p>\n<p>Der Zweck der Datenverarbeitung ist der ordnungsgem\u00e4\u00dfe Betrieb dieser Webseite unter Zuhilfenahme des WordPress-CMS sowie unterst\u00fctzender Plugins, im Rahmen dessen auch die Publikation von Medien und Inhalten der Autorin sowie der Austausch unter Nutzung der moderierten Kommentarfunktion.<\/p>\n<h2>Welche personenbezogenen Daten wir sammeln und warum<\/h2>\n<p><strong>Kommentare<\/strong><\/p>\n<p>Wenn Besucher Kommentare auf der Website schreiben, sammeln wir die Daten, die im Kommentar-Formular angezeigt werden, au\u00dferdem die IP-Adresse des Besuchers und den User-Agent-String (damit wird der Browser identifiziert), um die Erkennung von Spam zu unterst\u00fctzen.<\/p>\n<p>Aus ihrer E-Mail-Adresse kann eine anonymisierte Zeichenfolge erstellt (auch Hash genannt) und dem Gravatar-Dienst \u00fcbergeben werden, um zu pr\u00fcfen, ob Sie diesen benutzen. Die Datenschutzerkl\u00e4rung des Gravatar-Dienstes finden Sie hier: <a href=\"https:\/\/automattic.com\/privacy\/\">https:\/\/automattic.com\/privacy\/<\/a>. Nachdem Ihr Kommentar freigegeben wurde, ist ein m\u00f6glicherweise hinterlegtes Profilbild \u00f6ffentlich im Kontext Ihres Kommentars sichtbar.<\/p>\n<p>Eine weitere Nutzung der im Rahmen von Kommentaren angegebenen Kontaktinformationen (Newsletter, Direktwerbung o.\u00e4.) erfolgt nicht.<\/p>\n<p><strong>Cookies<\/strong><\/p>\n<p>Wenn Sie einen Kommentar auf unserer Website schreiben, kann das eine Einwilligung sein, Ihren Namen, E-Mail-Adresse und Website in Cookies zu speichern. Dies ist eine Komfortfunktion, damit Sie\u00a0 nicht, wenn Sie einen weiteren Kommentar schreiben, all diese Daten erneut eingeben m\u00fcssen. Diese Cookies werden ein Jahr lang gespeichert.<\/p>\n<p>Falls Sie ein Konto haben und sich auf dieser Website anmelden, werden wir ein tempor\u00e4res Cookie setzen, um festzustellen, ob Ihr Browser Cookies akzeptiert. Dieses Cookie enth\u00e4lt keine personenbezogenen Daten und wird verworfen, wenn Sie Ihren Browser schlie\u00dfen.<\/p>\n<p>Wenn Sie sich anmelden, werden wir einige Cookies einrichten, um Ihre Anmeldeinformationen und Anzeigeoptionen zu speichern. Anmelde-Cookies verfallen nach zwei Tagen und Cookies f\u00fcr die Anzeigeoptionen nach einem Jahr. Falls Sie bei der Anmeldung \u201eAngemeldet bleiben\u201c ausw\u00e4hlen, wird die Anmeldung zwei Wochen lang aufrechterhalten. Mit der Abmeldung aus Ihrem Konto werden die Anmelde-Cookies gel\u00f6scht.<\/p>\n<p><strong>Eingebettete Inhalte von anderen Websites<\/strong><\/p>\n<p>Beitr\u00e4ge auf dieser Website k\u00f6nnen eingebettete Inhalte beinhalten (z.\u00a0B. Videos, Bilder, Beitr\u00e4ge etc.). Eingebettete Inhalte von anderen Websites verhalten sich exakt so, als ob der Besucher die andere Website besucht h\u00e4tte.<\/p>\n<p>Diese Websites k\u00f6nnen Daten \u00fcber Sie sammeln, Cookies benutzen, zus\u00e4tzliche Tracking-Dienste von Dritten einbetten und Ihre Interaktion mit diesem eingebetteten Inhalt aufzeichnen, inklusive Ihrer\u00a0 Interaktion mit dem eingebetteten Inhalt, falls Sie ein Konto haben und auf dieser Website angemeldet sind.<\/p>\n<p>Dies gilt insbesondere f\u00fcr das <em>YouTube widget responsive<\/em>, das die eingebettete Ansicht auf via Youtube verf\u00fcgbar gemachte Videos erm\u00f6glicht. Die Einbettung und Anzeige dieser Videos ist mit dem Austausch von Metadaten Ihres Browsers verbunden, darunter m\u00f6glicherweise auch personenbezogene Daten, die Google ggf. speichert und weiterverarbeitet. F\u00fcr weitere Informationen siehe\u00a0 <a href=\"https:\/\/policies.google.com\/privacy?gl=DE&amp;hl=de\">Google-Informationen zum Datenschutz<\/a>.<\/p>\n<p><strong>Analysedienste<\/strong><\/p>\n<p>Wir setzen keine dedizierten Analysedienste wie Google Analytics ein, insbesondere auch keine Tracking-PlugIns.<\/p>\n<p><strong>Daten von Drittanbietern<\/strong><\/p>\n<p>Wir erhalten keine mit dem Betrieb dieser Webseite in Zusammenhang bestehenden personenbezogenen Daten von Drittanbietern.<\/p>\n<h2>Mit wem wir Ihre Daten teilen<\/h2>\n<p>Sofern Sie die im Namen oder im Inhalt von geposteten Kommentaren \u00fcbermittelten Informationen personenbezogene Daten beinhalten, stimmen Sie durch \u00dcbermittlung des Kommentars der Ver\u00f6ffentlichung auf dieser Webseite zu. Wir behalten uns vor, die Ver\u00f6ffentlichung von Kommentaren abzulehnen, sofern m\u00f6glicherweise unerlaubt personenbezogene Daten Dritter oder andere rechtswidrige Inhalte darin enthalten sind. Wollen Sie nur mit der Autorin direkt in Kontakt treten, nutzen Sie bitte die Email-Adresse heidi.muehlenberg(at)gmx.de.<\/p>\n<p>Mit Ausnahme der bereits genannten automatisierten Diensteanbieter werden Ihre Daten nicht an Dritte weitergegeben. Sie k\u00f6nnen jedoch von den an dieser Seite administrativ beteiligten Personen eingesehen werden.<\/p>\n<h2>Wie lange wir Ihre Daten speichern<\/h2>\n<p>Wenn Sie einen Kommentar schreiben, wird dieser inklusive Metadaten zeitlich unbegrenzt gespeichert. Auf diese Art k\u00f6nnen wir Folgekommentare automatisch erkennen und freigeben, anstelle sie in einer Moderations-Warteschlange festzuhalten.<\/p>\n<p>F\u00fcr Benutzer, die sich auf unserer Website registrieren, speichern wir zus\u00e4tzlich die pers\u00f6nlichen Informationen, die sie in ihren Benutzerprofilen angeben. Alle Benutzer k\u00f6nnen jederzeit ihre pers\u00f6nlichen Informationen einsehen, ver\u00e4ndern oder l\u00f6schen (der Benutzername kann nicht ver\u00e4ndert werden). Administratoren der Website k\u00f6nnen diese Informationen ebenfalls einsehen und ver\u00e4ndern.<\/p>\n<h2>Welche Rechte Sie an Ihren Daten haben<\/h2>\n<p>Wenn Sie ein Konto auf dieser Website besitzen oder Kommentare geschrieben haben, k\u00f6nnen Sie einen Export Ihrer personenbezogenen Daten bei uns anfordern, inklusive aller Daten, die Sie uns mitgeteilt haben. Dar\u00fcber hinaus k\u00f6nnen Sie die L\u00f6schung aller personenbezogenen Daten, die wir von Ihnen gespeichert haben, anfordern. Dies umfasst nicht die Daten, die wir aufgrund administrativer, rechtlicher oder sicherheitsrelevanter Notwendigkeiten aufbewahren m\u00fcssen.<\/p>\n<p>Es ist Ihr Recht, die Berichtigung oder Vervollst\u00e4ndigung Ihrer Daten zu verlangen. Auch k\u00f6nnen Sie die Einschr\u00e4nkung der Verarbeitung Ihrer Daten einfordern.<\/p>\n<p><strong>Auskunftsrecht<\/strong><\/p>\n<p>Sie k\u00f6nnen von uns eine Best\u00e4tigung dar\u00fcber verlangen, ob personenbezogene Daten, die Sie betreffen, von uns verarbeitet werden.<\/p>\n<p>Liegt eine solche Verarbeitung vor, k\u00f6nnen Sie von dem Verantwortlichen \u00fcber folgende Informationen Auskunft verlangen:<\/p>\n<p>(1)\u00a0\u00a0\u00a0\u00a0\u00a0\u00a0\u00a0 die Zwecke, zu denen die personenbezogenen Daten verarbeitet werden;<\/p>\n<p>(2)\u00a0\u00a0\u00a0\u00a0\u00a0\u00a0\u00a0 die Kategorien von personenbezogenen Daten, welche verarbeitet werden;<\/p>\n<p>(3)\u00a0\u00a0\u00a0\u00a0\u00a0\u00a0\u00a0 die Empf\u00e4nger bzw. die Kategorien von Empf\u00e4ngern, gegen\u00fcber denen die Sie betreffenden personenbezogenen Daten offengelegt wurden oder noch offengelegt werden;<\/p>\n<p>(4)\u00a0\u00a0\u00a0\u00a0\u00a0\u00a0\u00a0 die geplante Dauer der Speicherung der Sie betreffenden personenbezogenen Daten oder, falls konkrete Angaben hierzu nicht m\u00f6glich sind, Kriterien f\u00fcr die Festlegung der Speicherdauer;<\/p>\n<p>(5)\u00a0\u00a0\u00a0\u00a0\u00a0\u00a0\u00a0 das Bestehen eines Rechts auf Berichtigung oder L\u00f6schung der Sie betreffenden personenbezogenen Daten, eines Rechts auf Einschr\u00e4nkung der Verarbeitung durch den Verantwortlichen oder eines Widerspruchsrechts gegen diese Verarbeitung;<\/p>\n<p>(6)\u00a0\u00a0\u00a0\u00a0\u00a0\u00a0\u00a0 das Bestehen eines Beschwerderechts bei einer Aufsichtsbeh\u00f6rde;<\/p>\n<p>(7)\u00a0\u00a0\u00a0\u00a0\u00a0\u00a0\u00a0 alle verf\u00fcgbaren Informationen \u00fcber die Herkunft der Daten, wenn die personenbezogenen Daten nicht bei der betroffenen Person erhoben werden;<\/p>\n<p>(8)\u00a0\u00a0\u00a0\u00a0\u00a0\u00a0\u00a0 das Bestehen einer automatisierten Entscheidungsfindung einschlie\u00dflich Profiling gem\u00e4\u00df Art.\u00a022 Abs.\u00a01 und 4 DSGVO und \u2013 zumindest in diesen F\u00e4llen \u2013 aussagekr\u00e4ftige Informationen \u00fcber die involvierte Logik sowie die Tragweite und die angestrebten Auswirkungen einer derartigen Verarbeitung f\u00fcr die betroffene Person.<\/p>\n<p>Ihnen steht das Recht zu, Auskunft dar\u00fcber zu verlangen, ob die Sie betreffenden personenbezogenen Daten in ein Drittland oder an eine internationale Organisation \u00fcbermittelt werden. In diesem Zusammenhang k\u00f6nnen Sie verlangen, \u00fcber die geeigneten Garantien gem. Art.\u00a046 DSGVO im Zusammenhang mit der \u00dcbermittlung unterrichtet zu werden.<\/p>\n<p><strong>Recht auf Beschwerde bei einer Aufsichtsbeh\u00f6rde<\/strong><\/p>\n<p>Unbeschadet eines anderweitigen verwaltungsrechtlichen oder gerichtlichen Rechtsbehelfs steht Ihnen das Recht auf Beschwerde bei einer Aufsichtsbeh\u00f6rde, insbesondere in dem Mitgliedstaat ihres Aufenthaltsorts, ihres Arbeitsplatzes oder des Orts des mutma\u00dflichen Versto\u00dfes, zu, wenn Sie der Ansicht sind, dass die Verarbeitung der Sie betreffenden personenbezogenen Daten gegen die DSGVO verst\u00f6\u00dft.<\/p>\n<p>Die Aufsichtsbeh\u00f6rde, bei der die Beschwerde eingereicht wurde, unterrichtet den Beschwerdef\u00fchrer \u00fcber den Stand und die Ergebnisse der Beschwerde einschlie\u00dflich der M\u00f6glichkeit eines gerichtlichen Rechtsbehelfs nach Art.\u00a078 DSGVO.<\/p>\n<h2>Weitere Informationen<\/h2>\n<p>Aus technischen Gr\u00fcnden ist diese Webseite momentan nicht verschl\u00fcsselt (keine https-Seite). Bitte beachten Sie dies bei der Interaktion der Webseite. Wir weisen darauf hin, dass die Daten\u00fcbertragung im Internet Sicherheitsl\u00fccken aufweisen kann. In der Vergangenheit wurden bei CMS-Anbietern wie WordPress auch vereinzelt Schwachstellen bekannt, \u00fcber die sich Dritte unbefugt Zugriff verschaffen k\u00f6nnten. Wir beobachten die Sicherheitslage und bem\u00fchen uns, die Seite regelm\u00e4\u00dfig auf dem aktuellen Stand zu halten, weisen jedoch ausdr\u00fccklich auf diese Gefahr hin.<\/p>\n","protected":false},"excerpt":{"rendered":"<p>Wer wir sind Die Adresse dieser Website ist: http:\/\/www.heidi-muehlenberg.de. Die Ernennung eines Datenschutzbeauftragten ist aufgrund der Randbedingungen (Anzahl der Mitarbeiter, Gesch\u00e4ftsfeld und Art der verarbeiteten Daten) nicht angezeigt. Bitte kontaktieren Sie bei Datenschutzfragen direkt die Autorin: Dr. Heidi M\u00fchlenberg Holstentwiete 43 22763 Hamburg Telefon: +49 (0)40 397724 Mobil: +49 (0)176 47709023 E-Mail:heidi.muehlenberg(at)gmx.de (weitere Informationen, <a class=\"read-more\" href=\"https:\/\/www.heidi-muehlenberg.de\/?page_id=651\">Read More<\/a><\/p>\n","protected":false},"author":1,"featured_media":0,"parent":0,"menu_order":18,"comment_status":"closed","ping_status":"closed","template":"","meta":{"footnotes":""},"class_list":["post-651","page","type-page","status-publish","hentry"],"_links":{"self":[{"href":"https:\/\/www.heidi-muehlenberg.de\/index.php?rest_route=\/wp\/v2\/pages\/651"}],"collection":[{"href":"https:\/\/www.heidi-muehlenberg.de\/index.php?rest_route=\/wp\/v2\/pages"}],"about":[{"href":"https:\/\/www.heidi-muehlenberg.de\/index.php?rest_route=\/wp\/v2\/types\/page"}],"author":[{"embeddable":true,"href":"https:\/\/www.heidi-muehlenberg.de\/index.php?rest_route=\/wp\/v2\/users\/1"}],"replies":[{"embeddable":true,"href":"https:\/\/www.heidi-muehlenberg.de\/index.php?rest_route=%2Fwp%2Fv2%2Fcomments&post=651"}],"version-history":[{"count":26,"href":"https:\/\/www.heidi-muehlenberg.de\/index.php?rest_route=\/wp\/v2\/pages\/651\/revisions"}],"predecessor-version":[{"id":721,"href":"https:\/\/www.heidi-muehlenberg.de\/index.php?rest_route=\/wp\/v2\/pages\/651\/revisions\/721"}],"wp:attachment":[{"href":"https:\/\/www.heidi-muehlenberg.de\/index.php?rest_route=%2Fwp%2Fv2%2Fmedia&parent=651"}],"curies":[{"name":"wp","href":"https:\/\/api.w.org\/{rel}","templated":true}]}}