{"id":49,"date":"2010-01-01T15:50:30","date_gmt":"2010-01-01T14:50:30","guid":{"rendered":"http:\/\/www.heidi-muehlenberg.de\/?page_id=49"},"modified":"2016-01-05T15:56:42","modified_gmt":"2016-01-05T14:56:42","slug":"fernsehen","status":"publish","type":"page","link":"https:\/\/www.heidi-muehlenberg.de\/?page_id=49","title":{"rendered":"Fernsehen"},"content":{"rendered":"<p>Meine Arbeit f\u00fcrs Fernsehen begann 1994 mit einem Paukenschlag. W\u00e4hrend der Recherchen zur Festschrift \u201e100 Jahre Strom f\u00fcr Leipzig\u201c ereignete sich in Leipzig ein tragisches Ungl\u00fcck. Im gerade fertig gestellten Gasturbinenkraftwerk der Stadtwerke Leipzig riss beim Probelauf die Stahlwelle einer Turbine und verursachte einen Gro\u00dfbrand mit Todesopfern, Schwerverletzten und einem Sachschaden von ca. 100 Mio DM. F\u00fcr die jungen Stadtwerke ein herber R\u00fcckschlag. F\u00fcr das ARD-Politmagazin Fakt recherchierten wir die Hintergr\u00fcnde und Ursachen des Ungl\u00fccks. Im Weiteren konzentrierte sich meine Fernseharbeit auf Beitr\u00e4ge f\u00fcr das ORB-Umweltmagazin OZON, dessen Redakteure Heiderose H\u00e4sler und Hartmut Sommerschuh mit ungeheurem Engagement zu Werke gingen. Ich konnte viel lernen und bekam gro\u00dfe Verantwortung. Sehr fruchtbar und lehrreich wurde die Zusammenarbeit mit der THOMM TV Fernsehproduktion und ihrem Chef Stefan Thomm.<\/p>\n<p style=\"text-align: center;\"><img loading=\"lazy\" decoding=\"async\" class=\"aligncenter\" title=\"In Kalifornien mit Stefan Thomm und Alex Foster (GEO-Reportage &quot;Hollywood auf dem Trockenen&quot;)\" src=\"http:\/\/www.heidi-muehlenberg.de\/images\/tuffteam.jpg\" alt=\"\" width=\"480\" height=\"387\" \/><\/p>\n<p>Wir drehten zwischen 1997 und 2001 rund 20 Magazinbeitr\u00e4ge f\u00fcr das ARD-Wissenschaftsmagazin GLOBUS, erlebten aufregende Drehtage f\u00fcr GLOBUS u.a. in China, Peru, Italien und Frankreich.<\/p>\n<p>Ein H\u00f6hepunkt war 1999 die Zusammenarbeit mit dem MDR f\u00fcr die Reihe \u201eVergessene Katastrophen\u201c in der umsichtigen Redaktion von Martin H\u00fcbner. Wir erinnerten mit einer 45minuten-Dokumentation an eine tragische Episode in der Stadtgeschichte Bitterfelds, die Explosion und totale Zerst\u00f6rung der PVC-Fabrik in Bitterfeld 1968. In guter Erinnerung blieb bei allen Beteiligten die sechsteilige Reihe &#8222;Sehnsucht nach Zukunft&#8220;, eine erfolgreiche Zusammenarbeit mit Martina Wagner.<\/p>\n<p>Ebenfalls 1999 ging ein Traum in Erf\u00fcllung. Die Zusammenarbeit mit der Fernsehproduktion Medienkontor in Berlin begann. Die Firma produziert die GEO-Reportage 360 Grad f\u00fcr arte. Vier GEO-Reportagen entstanden bis 2006. (siehe Rubrik GEO-Reportagen)<\/p>\n<p>Wieviel im Leben eines Fernsehautoren ist Zufall? Diese Frage stelle ich mir oft. Zufall war es, dass 2001 das ARD-Magazin GLOBUS eingestellt wurde. Wir waren niedergeschlagen, wollten aber die Flucht nach vorn antreten. So gab es diesen denkw\u00fcrdigen Adventsabend mit\u00a0 Martina Wagner vom MDR, ein Brainstorming \u00fcber neue Projekte. Gerade war die erste deutsche Ausgabe von &#8222;National Geographic&#8220; mit der Nachricht erschienen, dass es im Juli 2002 erstmals einen Badetag an der Elbe geben sollte. Damals eine unglaubliche Nachricht. Uns wurde prophezeit, niemand werde sich in den dreckigen Fluss wagen. Doch unsere Redakteurin Martina Wagner glaubte fest an die Idee und an den Enthusiasmus der Flussfreunde.<\/p>\n<p><img loading=\"lazy\" decoding=\"async\" class=\"aligncenter\" title=\"Recherche auf einem Elbschiff mit Martina Wagner\" src=\"http:\/\/www.heidi-muehlenberg.de\/images\/recherche.jpg\" alt=\"\" width=\"499\" height=\"289\" \/><\/p>\n<p>Sie war selbst an der Elbe aufgewachsen und im Fluss geschwommen. Sie sollte Recht behalten. Mehr als 10000 Mutige wagten sich in die Elbe und bescherten unserer Premieren-Sendung eine hohe Quote. Seither entstanden 13 Flussabende. (siehe Rubrik Flussabende)<\/p>\n<p style=\"text-align: center;\"><img loading=\"lazy\" decoding=\"async\" class=\"aligncenter\" title=\"Dreharbeiten mit Janine Strahl-Oesterreich an der Saale\" src=\"http:\/\/www.heidi-muehlenberg.de\/images\/flusssendungen.jpg\" alt=\"\" width=\"546\" height=\"381\" \/><\/p>\n<p>Seit meinem Umzug nach Hamburg 2003 arbeite ich auch f\u00fcr die NDR-Wirtschaftsredaktion und die Reportage. Ein neues, hoffentlich erfolgreiches Kapitel meiner Fernseharbeit startete im M\u00e4rz 2009. Die einj\u00e4hrige Autorenschule f\u00fcr Drehbuchschreiber im Bereich Fiction (Spielfilm) an der Filmschule Hamburg\/Berlin. Mit wundervollen Autorenkolleginnen und Kollegen und der super engagierten Filmschul-Leiterin Sigrid Berenberg sowie meiner versierten und geduldigen Mentorin Susanne Ottersbach-Flimm.<\/p>\n","protected":false},"excerpt":{"rendered":"<p>Meine Arbeit f\u00fcrs Fernsehen begann 1994 mit einem Paukenschlag. W\u00e4hrend der Recherchen zur Festschrift \u201e100 Jahre Strom f\u00fcr Leipzig\u201c ereignete sich in Leipzig ein tragisches Ungl\u00fcck. Im gerade fertig gestellten Gasturbinenkraftwerk der Stadtwerke Leipzig riss beim Probelauf die Stahlwelle einer Turbine und verursachte einen Gro\u00dfbrand mit Todesopfern, Schwerverletzten und einem Sachschaden von ca. 100, <a class=\"read-more\" href=\"https:\/\/www.heidi-muehlenberg.de\/?page_id=49\">Read More<\/a><\/p>\n","protected":false},"author":1,"featured_media":392,"parent":0,"menu_order":3,"comment_status":"open","ping_status":"open","template":"","meta":{"footnotes":""},"class_list":["post-49","page","type-page","status-publish","has-post-thumbnail","hentry"],"_links":{"self":[{"href":"https:\/\/www.heidi-muehlenberg.de\/index.php?rest_route=\/wp\/v2\/pages\/49"}],"collection":[{"href":"https:\/\/www.heidi-muehlenberg.de\/index.php?rest_route=\/wp\/v2\/pages"}],"about":[{"href":"https:\/\/www.heidi-muehlenberg.de\/index.php?rest_route=\/wp\/v2\/types\/page"}],"author":[{"embeddable":true,"href":"https:\/\/www.heidi-muehlenberg.de\/index.php?rest_route=\/wp\/v2\/users\/1"}],"replies":[{"embeddable":true,"href":"https:\/\/www.heidi-muehlenberg.de\/index.php?rest_route=%2Fwp%2Fv2%2Fcomments&post=49"}],"version-history":[{"count":9,"href":"https:\/\/www.heidi-muehlenberg.de\/index.php?rest_route=\/wp\/v2\/pages\/49\/revisions"}],"predecessor-version":[{"id":386,"href":"https:\/\/www.heidi-muehlenberg.de\/index.php?rest_route=\/wp\/v2\/pages\/49\/revisions\/386"}],"wp:featuredmedia":[{"embeddable":true,"href":"https:\/\/www.heidi-muehlenberg.de\/index.php?rest_route=\/wp\/v2\/media\/392"}],"wp:attachment":[{"href":"https:\/\/www.heidi-muehlenberg.de\/index.php?rest_route=%2Fwp%2Fv2%2Fmedia&parent=49"}],"curies":[{"name":"wp","href":"https:\/\/api.w.org\/{rel}","templated":true}]}}