{"id":44,"date":"2010-01-01T13:29:48","date_gmt":"2010-01-01T12:29:48","guid":{"rendered":"http:\/\/www.heidi-muehlenberg.de\/?page_id=44"},"modified":"2024-10-18T13:56:13","modified_gmt":"2024-10-18T12:56:13","slug":"p_filmografie","status":"publish","type":"page","link":"https:\/\/www.heidi-muehlenberg.de\/?page_id=44","title":{"rendered":"Filmografie"},"content":{"rendered":"<ul>\n<li>1993 &#8211; 2001 Magazin-Beitr\u00e4ge f\u00fcr ARD, MDR, RBB- OZON und ARD Globus<\/li>\n<\/ul>\n<ul>\n<li>1999 Dokumentation \u201eDer gro\u00dfe Knall \u2013 Bitterfeld 1968\u201c (MDR, 45\u00b4)<\/li>\n<\/ul>\n<ul>\n<li>1999 Nominierungen ARD-Prix Europa f\u00fcr MDR-H\u00f6rfunk-Feature \u201eH\u00e4userkampf\u201c<\/li>\n<\/ul>\n<ul>\n<li>1999 Nominierung Hans-Klein-Fernsehpreis Sachsen f\u00fcr\u201eDer gro\u00dfe Knall\u201c<\/li>\n<\/ul>\n<ul>\n<li>1999 Doku-Reihe \u201eSehnsucht nach Zukunft\u201c, 3x 30\u00b4<span style=\"font-size: revert;\">\u201eMangelware Arbeit\u201c , <\/span><span style=\"font-size: revert;\">\u201eKarriere ohne Ende?\u201c, <\/span><span style=\"font-size: revert;\">\u201eDer Kalte Krieg der Generationen\u201c\u00a0<\/span><\/li>\n<\/ul>\n<p style=\"text-align: center;\"><img loading=\"lazy\" decoding=\"async\" class=\"aligncenter\" title=\"Sehnsucht nach Zukunft - mit Kameramann Klaus-Roland Schulz\" src=\"http:\/\/www.heidi-muehlenberg.de\/images\/arche.jpg\" alt=\"Stand vor Steinen\" width=\"487\" height=\"353\" \/><\/p>\n<ul>\n<li>2000 Geo-Reportage \u201eDurst nach Meer\u201c (arte, 30\u00b4)<\/li>\n<\/ul>\n<ul>\n<li>2001 Geo-Reportage \u201eHollywood auf dem Trockenen\u201c (arte, 30\u00b4)<\/li>\n<\/ul>\n<ul>\n<li>2001 Geo-Reportage \u201eDer Reis des Manitu\u201c\u00a0 (arte, 30\u00b4)<\/li>\n<\/ul>\n<ul>\n<li>2002 Dokumentation \u201eVor dem gro\u00dfen Beben\u201c (MDR, 3SAT 45\u00b4)<\/li>\n<\/ul>\n<ul>\n<li>2002\/2003 MDR- Lexi TV: 6 Sendungen a 60\u00b4<\/li>\n<\/ul>\n<ul>\n<li>2002 &#8211; 2009 MDR-Flussabende: 13 Folgen a 90\u00b4<\/li>\n<\/ul>\n<ul>\n<li>2002 Reportage \u201ePau\u00dfnitz -Trilogie&#8220;: Flucht vor der Flut, Leben nach der Flut, Advent (3&#215;15\u00b4)<\/li>\n<\/ul>\n<ul>\n<li>2003\/2004 Magazinst\u00fccke f\u00fcr OZON (RBB) und Nano<\/li>\n<\/ul>\n<ul>\n<li>2004 H\u00f6rfunk-Feature \u201eDer Wolkenforscher\u201c (MDR-Kultur\/RBB\/Deutschlandradio)<\/li>\n<\/ul>\n<ul>\n<li>2004 ARTE-Reportage \u201eGegen den Strom\u201c f\u00fcr Themenabend \u201eBlackout\u201c (30\u00b4) Januar 2005<\/li>\n<\/ul>\n<ul>\n<li>2004 &#8211; 2007 Magazinbeitr\u00e4ge NDR \u201emarkt\u201c und ARD \u201ePlusMinus\u201c<\/li>\n<\/ul>\n<ul>\n<li>2006 ARTE\/WDR GEO-Reportage \u201eDie Windreiter der Anden\u201c (ARTE 12. 05.07, 52 Minuten)<\/li>\n<\/ul>\n<p style=\"text-align: center;\"><img loading=\"lazy\" decoding=\"async\" class=\"aligncenter\" title=\"Mit den Elsterweiblein im Leipziger Auenwald\" src=\"http:\/\/www.heidi-muehlenberg.de\/images\/elsterweiblein.jpg\" alt=\"\" width=\"487\" height=\"385\" \/><\/p>\n<p style=\"text-align: center;\"><img loading=\"lazy\" decoding=\"async\" class=\"aligncenter\" title=\"Kalifornische Wasserpipeline - mit Stefan Thomm und Alex Foster\" src=\"http:\/\/www.heidi-muehlenberg.de\/images\/fernleitung.jpg\" alt=\"Stand vor Steinen\" width=\"479\" height=\"347\" \/><\/p>\n<ul>\n<li>2009 Radio-Feature \u201eL\u00fcbeck gegen Berlusconi\u201c, (Deutschlandradio Berlin) &#8211; 30\u00b4<\/li>\n<\/ul>\n<ul>\n<li>2010 MDR \u201eR\u00e4tsel, Mythen und Legenden \u2013 Paracelsus rettet G\u00f6rlitz vor dem Kometen\u201c &#8211; 45\u00b4<\/li>\n<\/ul>\n<ul>\n<li>2010 NDR-Reportage \u201eDie Oma-WG am Deich\u201c (NDR, WDR, SWR) &#8211; 30\u00b4<\/li>\n<\/ul>\n<ul>\n<li>2011 Radio-Feature \u201eEuropas Solar-Vision in Afrika\u201c (MDR\/RBB) \u2013 60\u00b4<\/li>\n<\/ul>\n<ul>\n<li>2011 NDR-Reportage \u201eDer Traum vom eigenen Land \u2013 Jungbauern suchen Hof\u201c (30\u00b4)<\/li>\n<\/ul>\n<ul>\n<li>2012 Radio-Feature \u201eM\u00fclleimer Ostsee \u2013 Plastikm\u00fcll im Meer\u201c (MDR\/RBB\/RB) \u2013 30\u00b4<\/li>\n<\/ul>\n<ul>\n<li>2012 MDR \u201eR\u00e4tsel, Mythen und Legenden: Wie die Th\u00fcringer Bratwurst Frieden stiftete\u201c &#8211; 45\u00b4<\/li>\n<\/ul>\n<ul>\n<li>2012 NDR Reportage \u201eDie Plastikfischer von Fehmarn\u201c 30\u00b4<\/li>\n<\/ul>\n<ul>\n<li>2012 MDR \u201eR\u00e4tsel, Mythen und Legenden \u2013 Der Salzgeist von Bad D\u00fcrrenberg\u201c &#8211; 45\u00b4<\/li>\n<\/ul>\n<ul>\n<li>2013 MDR \u201eR\u00e4tsel, Mythen und Legenden \u2013 Ludwig der Springer\u201c &#8211; 45\u00b4<\/li>\n<\/ul>\n<ul>\n<li>2013 MDR \u201eR\u00e4tsel, Mythen und Legenden \u2013 Die Th\u00fcringer Sintflut Anno 1613\u201c &#8211; 45\u00b4<\/li>\n<\/ul>\n<ul>\n<li>2013 Radio-Feature \u201eChina: Der Geheimcode der Heilpflanzen\u201c (MDR\/RBB)<\/li>\n<\/ul>\n<ul>\n<li>2013 MDR \u201eR\u00e4tsel, Mythen und Legenden \u2013 Leipziger L\u00f6wenjagd am V\u00f6lkerschlachtdenkmal\u201c &#8211; 45\u00b4<\/li>\n<\/ul>\n<ul>\n<li>2014 MDR \u201eR\u00e4tsel, Mythen und Legenden \u2013 Das Geheimnis von K\u00f6nig Drosselbart\u201c &#8211; 45\u00b4<\/li>\n<\/ul>\n<ul>\n<li>2014 MDR \u201eR\u00e4tsel, Mythen und Legenden \u2013 Kam der Dollar aus dem Erzgebirge?\u201c &#8211; 45\u00b4<\/li>\n<\/ul>\n<ul>\n<li>2015 Radio-Feature: \u201eDas Artabana-Krankenkassenmodell\u201c (MDR\/RBB) 30\u00b4<\/li>\n<\/ul>\n<ul>\n<li>2015 MDR \u201eR\u00e4tsel, Mythen und Legenden \u2013 Der Rabenfluch von Merseburg\u201c &#8211; 45\u00b4<\/li>\n<\/ul>\n<ul>\n<li>2015 Radio Feature \u201eSeenot-Rettungsaktivist Harald H\u00f6ppner\u201c (MDR\/RBB) \u2013 30 Minuten<\/li>\n<\/ul>\n<ul>\n<li>2015 MDR \u201eR\u00e4tsel, Mythen und Legenden \u2013 Die Heinzelm\u00e4nnchen von Eilenburg\u201c &#8211; 45\u00b4<\/li>\n<li>2016 MDR \u201eR\u00e4tsel, Mythen und Legenden &#8211; Wie der Teufel den Buchdruck erfand&#8220; &#8211; 45\u00b4<\/li>\n<li>2016 MDR \u201eR\u00e4tsel, Mythen und Legenden &#8211; Der Th\u00fcringer B\u00e4renh\u00e4uter&#8220; &#8211; 45\u00b4<\/li>\n<li>2017 MDR \u201eR\u00e4tsel, Mythen und Legenden &#8211; Der Herkules von Th\u00fcringen Milo Bars&#8220; 45\u00b4<\/li>\n<li>2018 MDR \u201eR\u00e4tsel, Mythen und Legenden &#8211; Der Freisch\u00fctz vom Th\u00fcringer Wald&#8220; 45\u00b4<\/li>\n<li>2018 MDR Radio-Feature &#8222;Verstummter Fr\u00fchling &#8211; Aussterben der Wiesenv\u00f6gel&#8220; 30\u00b4<\/li>\n<li>2018 MDR Story &#8222;Verstrahlt &#8211; Vergiftet &#8211; Vergessen&#8220; 30\u00b4<\/li>\n<li>2020 MDR \u201eR\u00e4tsel, Mythen und Legenden &#8211; Eulenspiegel &#8211; Narr und Stra\u00dfenr\u00e4uber?&#8220; 45\u00b4<\/li>\n<li>2021 MDR &#8222;Bitterfeld &#8211; R\u00fcckkehr nach 30 Jahren&#8220; 15\u00b4<\/li>\n<li>2022 ARD FAKT-Dokumentation &#8222;Vergifteter Boden, Verseuchtes Wasser&#8220; 30\u00b4<\/li>\n<li>2022 MDR Radiofeature &#8222;Nach der Kohle&#8220; 30\u00b4<\/li>\n<li>2022 ARD FAKT-Dokumentation &#8222;Die Jagd nach Gr\u00fcnem Wasserstoff&#8220; 30\u00b4<\/li>\n<li>2023 ARD-Radio-Feature &#8222;W\u00fcstenstrom aus Afrika&#8220; 30\u00b4<\/li>\n<li>2016 &#8211; 2024 Magazinst\u00fccke f\u00fcr Exakt und FAKT<\/li>\n<\/ul>\n","protected":false},"excerpt":{"rendered":"<p>1993 &#8211; 2001 Magazin-Beitr\u00e4ge f\u00fcr ARD, MDR, RBB- OZON und ARD Globus 1999 Dokumentation \u201eDer gro\u00dfe Knall \u2013 Bitterfeld 1968\u201c (MDR, 45\u00b4) 1999 Nominierungen ARD-Prix Europa f\u00fcr MDR-H\u00f6rfunk-Feature \u201eH\u00e4userkampf\u201c 1999 Nominierung Hans-Klein-Fernsehpreis Sachsen f\u00fcr\u201eDer gro\u00dfe Knall\u201c 1999 Doku-Reihe \u201eSehnsucht nach Zukunft\u201c, 3x 30\u00b4\u201eMangelware Arbeit\u201c , \u201eKarriere ohne Ende?\u201c, \u201eDer Kalte Krieg der Generationen\u201c\u00a0 2000, <a class=\"read-more\" href=\"https:\/\/www.heidi-muehlenberg.de\/?page_id=44\">Read More<\/a><\/p>\n","protected":false},"author":1,"featured_media":349,"parent":0,"menu_order":1,"comment_status":"open","ping_status":"open","template":"","meta":{"footnotes":""},"class_list":["post-44","page","type-page","status-publish","has-post-thumbnail","hentry"],"_links":{"self":[{"href":"https:\/\/www.heidi-muehlenberg.de\/index.php?rest_route=\/wp\/v2\/pages\/44"}],"collection":[{"href":"https:\/\/www.heidi-muehlenberg.de\/index.php?rest_route=\/wp\/v2\/pages"}],"about":[{"href":"https:\/\/www.heidi-muehlenberg.de\/index.php?rest_route=\/wp\/v2\/types\/page"}],"author":[{"embeddable":true,"href":"https:\/\/www.heidi-muehlenberg.de\/index.php?rest_route=\/wp\/v2\/users\/1"}],"replies":[{"embeddable":true,"href":"https:\/\/www.heidi-muehlenberg.de\/index.php?rest_route=%2Fwp%2Fv2%2Fcomments&post=44"}],"version-history":[{"count":12,"href":"https:\/\/www.heidi-muehlenberg.de\/index.php?rest_route=\/wp\/v2\/pages\/44\/revisions"}],"predecessor-version":[{"id":751,"href":"https:\/\/www.heidi-muehlenberg.de\/index.php?rest_route=\/wp\/v2\/pages\/44\/revisions\/751"}],"wp:featuredmedia":[{"embeddable":true,"href":"https:\/\/www.heidi-muehlenberg.de\/index.php?rest_route=\/wp\/v2\/media\/349"}],"wp:attachment":[{"href":"https:\/\/www.heidi-muehlenberg.de\/index.php?rest_route=%2Fwp%2Fv2%2Fmedia&parent=44"}],"curies":[{"name":"wp","href":"https:\/\/api.w.org\/{rel}","templated":true}]}}