{"id":230,"date":"2010-01-04T18:06:13","date_gmt":"2010-01-04T17:06:13","guid":{"rendered":"http:\/\/www.heidi-muehlenberg.de\/?page_id=230"},"modified":"2017-01-04T16:37:13","modified_gmt":"2017-01-04T15:37:13","slug":"online-videos","status":"publish","type":"page","link":"https:\/\/www.heidi-muehlenberg.de\/?page_id=230","title":{"rendered":"Videos"},"content":{"rendered":"<h2>Schneewei\u00dfchen und der B\u00e4renh\u00e4uter aus Th\u00fcringen<\/h2>\n<p>Aus der Reihe &#8222;R\u00e4tsel, Mythen und Legenden&#8220;, MDR 2017<\/p>\n<p><iframe loading=\"lazy\" title=\"Schneewei\u00dfchen und der B\u00e4renh\u00e4uter aus Th\u00fcringen\" width=\"640\" height=\"360\" src=\"https:\/\/www.youtube.com\/embed\/swp7uq8MvS0?feature=oembed\" frameborder=\"0\" allow=\"accelerometer; autoplay; clipboard-write; encrypted-media; gyroscope; picture-in-picture; web-share\" referrerpolicy=\"strict-origin-when-cross-origin\" allowfullscreen><\/iframe><\/p>\n<h2>Wie der Teufel den Buchdruck erfand<\/h2>\n<p>Aus der Reihe &#8222;R\u00e4tsel, Mythen und Legenden&#8220;, MDR 2016<\/p>\n<p><iframe loading=\"lazy\" title=\"Wie der Teufel den Buchdruck erfand\" width=\"640\" height=\"360\" src=\"https:\/\/www.youtube.com\/embed\/3x2nhXNngI8?feature=oembed\" frameborder=\"0\" allow=\"accelerometer; autoplay; clipboard-write; encrypted-media; gyroscope; picture-in-picture; web-share\" referrerpolicy=\"strict-origin-when-cross-origin\" allowfullscreen><\/iframe><\/p>\n<h2><\/h2>\n<h2>Vergiftete Kumpel &#8211; Erdgasarbeiter der Altmark k\u00e4mpfen um Entsch\u00e4digung &#8211; MDR Exakt, 2016<\/h2>\n<p>https:\/\/www.youtube.com\/watch?v=hQck2flWcTM<\/p>\n<h2><\/h2>\n<h2>Geisternetze in der Ostsee &#8211; MDR Exakt, 2016<\/h2>\n<p><a href=\"http:\/\/www.mdr.de\/exakt\/geisternetze-ostsee-100.html\"><img decoding=\"async\" class=\"aligncenter size-full wp-image-469\" src=\"http:\/\/www.heidi-muehlenberg.de\/wp-content\/uploads\/2010\/01\/fangnetze-1024x572.png\" alt=\"Geisternetze in der Ostsee\" \/><\/a><\/p>\n<h2>\u00a0Die Plastik-Fischer von Fehmarn, NDR 2012<\/h2>\n<p><iframe loading=\"lazy\" src=\"https:\/\/www.youtube.com\/embed\/XBP2kiZwRVU\" width=\"507\" height=\"355\" frameborder=\"0\" allowfullscreen=\"allowfullscreen\"><\/iframe><\/p>\n<h2><\/h2>\n<h2>Bilder aus dem Gehirn<\/h2>\n<p>3Sat nano, 2012 &#8211; Beitrag \u00fcber Halluzinationen<\/p>\n<p><a href=\"https:\/\/www.3sat.de\/mediathek\/?mode=play&amp;obj=34068\"><img loading=\"lazy\" decoding=\"async\" width=\"721\" height=\"403\" class=\"aligncenter size-full wp-image-469\" src=\"http:\/\/www.heidi-muehlenberg.de\/wp-content\/uploads\/2010\/01\/bilderGehirn.jpg\" alt=\"Bilder aus dem Gehirn\" srcset=\"https:\/\/www.heidi-muehlenberg.de\/wp-content\/uploads\/2010\/01\/bilderGehirn.jpg 721w, https:\/\/www.heidi-muehlenberg.de\/wp-content\/uploads\/2010\/01\/bilderGehirn-300x168.jpg 300w, https:\/\/www.heidi-muehlenberg.de\/wp-content\/uploads\/2010\/01\/bilderGehirn-720x402.jpg 720w\" sizes=\"(max-width: 721px) 100vw, 721px\" \/><\/a><\/p>\n<h2>Der Bitterfeld-Report im MDR, 2009<\/h2>\n<p><iframe loading=\"lazy\" src=\"https:\/\/www.youtube.com\/embed\/1hz6sMlKBSQ\" width=\"507\" height=\"355\" frameborder=\"0\" allowfullscreen=\"allowfullscreen\"><\/iframe><\/p>\n<h2>Milch-Alarm bei Harald Schmidt<\/h2>\n<p>F\u00fcr das ARD-Wirtschaftsmagazin \u201ePlusMinus\u201c produzierten wir 2006 einen Magazinbeitrag \u00fcber Milch, der heftige Reaktionen ausl\u00f6ste. Anlass f\u00fcr das St\u00fcck war eine aufdringliche Milch-Werbe-Kampagne der CMA, die recht undifferenziert nahe legte, Milch sei gesund f\u00fcr jedermann in beliebiger Menge. Wir stellten F\u00e4lle und neue Forschungsergebnisse vor, die beweisen, dass ein hoher Prozentsatz der Bev\u00f6lkerung Kuhmilch gar nicht oder nur schlecht vertr\u00e4gt und dass bei M\u00e4nnern mit famili\u00e4rer Vorbelastung ein hoher Milchkonsum das Risiko f\u00fcr bestimmte Krebsarten erh\u00f6ht. F\u00fcr ARD-L\u00e4stermaul Harald Schmidt ein Steilvorlage.<\/p>\n<p><object width=\"507\" height=\"355\" classid=\"clsid:d27cdb6e-ae6d-11cf-96b8-444553540000\" codebase=\"http:\/\/download.macromedia.com\/pub\/shockwave\/cabs\/flash\/swflash.cab#version=6,0,40,0\"><param name=\"allowFullScreen\" value=\"true\" \/><param name=\"src\" value=\"http:\/\/www.youtube.com\/v\/XnKS6UDx-KE&amp;hl=en&amp;fs=1\" \/><param name=\"allowfullscreen\" value=\"true\" \/><embed type=\"application\/x-shockwave-flash\" width=\"507\" height=\"355\" src=\"http:\/\/www.youtube.com\/v\/XnKS6UDx-KE&amp;hl=en&amp;fs=1\" allowfullscreen=\"allowfullscreen\" \/><\/object><\/p>\n<p>&nbsp;<\/p>\n","protected":false},"excerpt":{"rendered":"<p>Schneewei\u00dfchen und der B\u00e4renh\u00e4uter aus Th\u00fcringen Aus der Reihe &#8222;R\u00e4tsel, Mythen und Legenden&#8220;, MDR 2017 Wie der Teufel den Buchdruck erfand Aus der Reihe &#8222;R\u00e4tsel, Mythen und Legenden&#8220;, MDR 2016 Vergiftete Kumpel &#8211; Erdgasarbeiter der Altmark k\u00e4mpfen um Entsch\u00e4digung &#8211; MDR Exakt, 2016 https:\/\/www.youtube.com\/watch?v=hQck2flWcTM Geisternetze in der Ostsee &#8211; MDR Exakt, 2016 \u00a0Die Plastik-Fischer, <a class=\"read-more\" href=\"https:\/\/www.heidi-muehlenberg.de\/?page_id=230\">Read More<\/a><\/p>\n","protected":false},"author":1,"featured_media":0,"parent":0,"menu_order":7,"comment_status":"open","ping_status":"open","template":"","meta":{"footnotes":""},"class_list":["post-230","page","type-page","status-publish","hentry"],"_links":{"self":[{"href":"https:\/\/www.heidi-muehlenberg.de\/index.php?rest_route=\/wp\/v2\/pages\/230"}],"collection":[{"href":"https:\/\/www.heidi-muehlenberg.de\/index.php?rest_route=\/wp\/v2\/pages"}],"about":[{"href":"https:\/\/www.heidi-muehlenberg.de\/index.php?rest_route=\/wp\/v2\/types\/page"}],"author":[{"embeddable":true,"href":"https:\/\/www.heidi-muehlenberg.de\/index.php?rest_route=\/wp\/v2\/users\/1"}],"replies":[{"embeddable":true,"href":"https:\/\/www.heidi-muehlenberg.de\/index.php?rest_route=%2Fwp%2Fv2%2Fcomments&post=230"}],"version-history":[{"count":36,"href":"https:\/\/www.heidi-muehlenberg.de\/index.php?rest_route=\/wp\/v2\/pages\/230\/revisions"}],"predecessor-version":[{"id":601,"href":"https:\/\/www.heidi-muehlenberg.de\/index.php?rest_route=\/wp\/v2\/pages\/230\/revisions\/601"}],"wp:attachment":[{"href":"https:\/\/www.heidi-muehlenberg.de\/index.php?rest_route=%2Fwp%2Fv2%2Fmedia&parent=230"}],"curies":[{"name":"wp","href":"https:\/\/api.w.org\/{rel}","templated":true}]}}