{"id":2,"date":"2009-12-28T14:49:11","date_gmt":"2009-12-28T13:49:11","guid":{"rendered":"http:\/\/www.heidi-muehlenberg.de\/?page_id=2"},"modified":"2024-10-18T14:03:19","modified_gmt":"2024-10-18T13:03:19","slug":"p_biografisches","status":"publish","type":"page","link":"https:\/\/www.heidi-muehlenberg.de\/?page_id=2","title":{"rendered":"Biografisches"},"content":{"rendered":"<p><em><strong>\u00dcber die Autorin Heidi M\u00fchlenberg<\/strong><br \/>\nDie Autorin Heidi M\u00fchlenberg studierte Journalistik und promovierte im Bereich Publizistik in Leipzig. Sie arbeitete als Redakteurin und ist seit 1991 freie Autorin f\u00fcr Funk und Fernsehen. Sie widmet sich vorrangig Themen aus Umwelt, Geschichte und Wissenschaft. In der Feature-Redaktion des MDR entstanden Sendungen zur Geschichte der Solarenergie, zur Regionalgeschichte, die Sendungen &#8222;Der Geheimcode der Pflanzen \u2013 Chinas Wissenschaftler entschl\u00fcsseln die Heilkr\u00e4fte der Natur\u201c&#8220; (2013), &#8222;Fracking, der zweifelhafte Weg zum Erdgas&#8220; (2014) und &#8222;Das Artabana-Krankenkassen-Modell&#8220; (2015).<br \/>\nF\u00fcr ihre Sendung &#8222;Europas Solarvision&#8220; (2011) wurde Heidi M\u00fchlenberg mit dem &#8222;Ernst Schneider Preis&#8220; der IHK ausgezeichnet. F\u00fcr ihr Feature &#8222;M\u00fclleimer Ostsee&#8220; (MDR 2012) erhielt sie den Preis f\u00fcr Wissenschaftsjournalismus der Rheinisch-Westf\u00e4lischen Technischen Hochschule (RWTH) Aachen. Sie hat zwei S\u00f6hne und lebt in Hamburg. (Quelle: Website MDR Figaro)<br \/>\n<\/em><\/p>\n<p>Ich f\u00fchle mich am wohlsten in freier Natur und liebe abenteuerliche Wanderungen, die gern schon mal nachts im unbekannten Wald enden k\u00f6nnen. Wo hatten wir noch mal den Wagen geparkt?? Richtig gl\u00fccklich<img decoding=\"async\" title=\"Weiterlesen...\" src=\"http:\/\/www.heidi-muehlenberg.de\/wp-includes\/js\/tinymce\/plugins\/wordpress\/img\/trans.gif\" alt=\"\" \/>macht mich der Anblick gesund sprudelnder, wilder Fl\u00fcsse und Wildb\u00e4che, was wohl kein Wunder ist, wenn man wie ich an der sch\u00f6nen Plei\u00dfe gro\u00df geworden ist, wo der Fluss im Sommer zum Himmel stank und an den Wehren gerne mal drei Meter hohe Schaumkronen trug, wenn B\u00f6hlen mal wieder Phenole abgelassen hatte. Ein Sommer ohne Paddeltour ist f\u00fcr mich reine Zeitverschwendung.<!--more--><!--more--><\/p>\n<h2><span style=\"text-decoration: underline;\">Lebenslauf Heidi M\u00fchlenberg<\/span><\/h2>\n<p>geboren in Leipzig<\/p>\n<p>Studium der Journalistik<\/p>\n<p>Promotion im Bereich Publizistik<\/p>\n<p>1990\/91 Redakteurin beim Leipziger Wochenblatt \u201eDie Andere Zeitung \u2013 DAZ\u201c<\/p>\n<p>1991 Buch \u201ePanikbl\u00fcte \u2013 ein Bitterfeld-Report\u201c<\/p>\n<p>Stipendiatin des German Marshall Funds in den USA<\/p>\n<p>Buchprojekt und Studien zur Geschichte der Energieversorgung in Sachsen<\/p>\n<p>Seit 1992 freie Autorin f\u00fcr H\u00f6rfunk (Deutschlandfunk, MDR, NDR, WDR), Reportage\/Feature<\/p>\n<p>Seit 1994 Autorin f\u00fcr H\u00f6rfunk und Fernsehen (MDR, ORB, ARTE u.a.) im Bereich Umwelt und Wissenschaft<\/p>\n<p>1997 bis 2001 insgesamt 20 Beitr\u00e4ge f\u00fcr ARD-Wissenschaftsmagazin \u201eGLOBUS\u201c<\/p>\n<p>2001 MDR-Redakteurin beim Luft- und Raumfahrtmagazin AEROSPACE<\/p>\n<p>(BR, MDR, Discovery Channel)<\/p>\n<p>2004 \u2013 2007 Autorin f\u00fcr das NDR Wirtschaftsmagazin \u201emarkt\u201c\u00a0und ARD \u201ePlusMinus\u201c<\/p>\n<p>2000 \u2013 2023 Reportagen f\u00fcr MDR, NDR und ARTE<\/p>\n<p>2009\/2010 Ausbildung als Drehbuchautorin Spielfilm an der Filmschule Hamburg-Berlin<\/p>\n<p>2020 Wissenschaftliche Studie f\u00fcr Umweltbundesamt: Pestizide in Schutzgebieten<\/p>\n<p>seit 2002 Autorin und Regisseurin f\u00fcr MDR<\/p>\n<p>2024 Nominierung Deutscher Menschenrechts-Filmpreis<\/p>\n<p><strong>Fremdsprachen: Englisch, Russisch, Spanisch<\/strong><\/p>\n","protected":false},"excerpt":{"rendered":"<p>\u00dcber die Autorin Heidi M\u00fchlenberg Die Autorin Heidi M\u00fchlenberg studierte Journalistik und promovierte im Bereich Publizistik in Leipzig. Sie arbeitete als Redakteurin und ist seit 1991 freie Autorin f\u00fcr Funk und Fernsehen. Sie widmet sich vorrangig Themen aus Umwelt, Geschichte und Wissenschaft. In der Feature-Redaktion des MDR entstanden Sendungen zur Geschichte der Solarenergie, zur, <a class=\"read-more\" href=\"https:\/\/www.heidi-muehlenberg.de\/?page_id=2\">Read More<\/a><\/p>\n","protected":false},"author":1,"featured_media":332,"parent":0,"menu_order":6,"comment_status":"open","ping_status":"open","template":"","meta":{"footnotes":""},"class_list":["post-2","page","type-page","status-publish","has-post-thumbnail","hentry"],"_links":{"self":[{"href":"https:\/\/www.heidi-muehlenberg.de\/index.php?rest_route=\/wp\/v2\/pages\/2"}],"collection":[{"href":"https:\/\/www.heidi-muehlenberg.de\/index.php?rest_route=\/wp\/v2\/pages"}],"about":[{"href":"https:\/\/www.heidi-muehlenberg.de\/index.php?rest_route=\/wp\/v2\/types\/page"}],"author":[{"embeddable":true,"href":"https:\/\/www.heidi-muehlenberg.de\/index.php?rest_route=\/wp\/v2\/users\/1"}],"replies":[{"embeddable":true,"href":"https:\/\/www.heidi-muehlenberg.de\/index.php?rest_route=%2Fwp%2Fv2%2Fcomments&post=2"}],"version-history":[{"count":12,"href":"https:\/\/www.heidi-muehlenberg.de\/index.php?rest_route=\/wp\/v2\/pages\/2\/revisions"}],"predecessor-version":[{"id":753,"href":"https:\/\/www.heidi-muehlenberg.de\/index.php?rest_route=\/wp\/v2\/pages\/2\/revisions\/753"}],"wp:featuredmedia":[{"embeddable":true,"href":"https:\/\/www.heidi-muehlenberg.de\/index.php?rest_route=\/wp\/v2\/media\/332"}],"wp:attachment":[{"href":"https:\/\/www.heidi-muehlenberg.de\/index.php?rest_route=%2Fwp%2Fv2%2Fmedia&parent=2"}],"curies":[{"name":"wp","href":"https:\/\/api.w.org\/{rel}","templated":true}]}}