{"id":132,"date":"2010-01-02T17:50:30","date_gmt":"2010-01-02T16:50:30","guid":{"rendered":"http:\/\/www.heidi-muehlenberg.de\/?page_id=132"},"modified":"2018-05-28T14:52:09","modified_gmt":"2018-05-28T13:52:09","slug":"impressum","status":"publish","type":"page","link":"https:\/\/www.heidi-muehlenberg.de\/?page_id=132","title":{"rendered":"Kontakt\/Impressum"},"content":{"rendered":"<p>Dr. Heidi M\u00fchlenberg<br \/>\nHolstentwiete 43<br \/>\n22763 Hamburg<\/p>\n<p>Telefon: +49 (0)40 397724<br \/>\nMobil: +49 (0)176 47709023<br \/>\nE-Mail:heidi.muehlenberg(at)gmx.de<\/p>\n<p>Angaben gem\u00e4\u00df \u00a7 5 TMG (Impressum)<br \/>\nUmsatzsteuer-Identifikationsnummer gem\u00e4\u00df \u00a727 a Umsatzsteuergesetz:<br \/>\n41\/232\/02479<\/p>\n<p>Zust\u00e4ndiges Finanzamt:<br \/>\nFinanzamt Hamburg-Altona<\/p>\n<p>Betriebsnummer:<br \/>\n17158773<\/p>\n<p>Verantwortlich f\u00fcr den Inhalt nach \u00a7 55 Abs. 2 RStV:<br \/>\nDr. Heidi M\u00fchlenberg<\/p>\n<p><strong>Haftungsausschluss:<\/strong><\/p>\n<p><span style=\"text-decoration: underline;\">Haftung f\u00fcr Inhalte<\/span><br \/>\nDie Inhalte meiner Seiten wurden mit gr\u00f6\u00dfter Sorgfalt erstellt. F\u00fcr die Richtigkeit, Vollst\u00e4ndigkeit und Aktualit\u00e4t der Inhalte kann ich jedoch keine Gew\u00e4hr \u00fcbernehmen. Als Diensteanbieter bin ich gem\u00e4\u00df \u00a7 7 Abs.1 TMG f\u00fcr eigene Inhalte auf diesen Seiten nach den allgemeinen Gesetzen verantwortlich. Nach \u00a7\u00a7 8 bis 10 TMG bin ich als Diensteanbieter jedoch nicht verpflichtet, \u00fcbermittelte oder gespeicherte fremde Informationen zu \u00fcberwachen oder nach Umst\u00e4nden zu forschen, die auf eine rechtswidrige T\u00e4tigkeit hinweisen. Verpflichtungen zur Entfernung oder Sperrung der Nutzung von Informationen nach den allgemeinen Gesetzen bleiben hiervon unber\u00fchrt. Eine diesbez\u00fcgliche Haftung ist jedoch erst ab dem Zeitpunkt der Kenntnis einer konkreten Rechtsverletzung m\u00f6glich. Bei Bekanntwerden von entsprechenden Rechtsverletzungen werde ich diese Inhalte umgehend entfernen.<\/p>\n<p><span style=\"text-decoration: underline;\">Haftung f\u00fcr Links<\/span><br \/>\nMein Angebot enth\u00e4lt Links zu externen Webseiten Dritter, auf deren Inhalte ich keinen Einfluss habe. Deshalb kann ich f\u00fcr diese fremden Inhalte auch keine Gew\u00e4hr \u00fcbernehmen. F\u00fcr die Inhalte der verlinkten Seiten ist stets der jeweilige Anbieter oder Betreiber der Seiten verantwortlich. Die verlinkten Seiten wurden zum Zeitpunkt der Verlinkung auf m\u00f6gliche Rechtsverst\u00f6\u00dfe \u00fcberpr\u00fcft. Rechtswidrige Inhalte waren zum Zeitpunkt der Verlinkung nicht erkennbar. Eine permanente inhaltliche Kontrolle der verlinkten Seiten ist jedoch ohne konkrete Anhaltspunkte einer Rechtsverletzung nicht zumutbar. Bei Bekanntwerden von Rechtsverletzungen werden wir derartige Links umgehend entfernen.<\/p>\n<p><span style=\"text-decoration: underline;\">Urheberrecht<\/span><br \/>\nDie durch die Seitenbetreiber erstellten Inhalte und Werke auf diesen Seiten unterliegen dem deutschen Urheberrecht. Die Vervielf\u00e4ltigung, Bearbeitung, Verbreitung und jede Art der Verwertung au\u00dferhalb der Grenzen des Urheberrechtes bed\u00fcrfen der schriftlichen Zustimmung des jeweiligen Autors bzw. Erstellers. Downloads und Kopien dieser Seite sind nur f\u00fcr den privaten, nicht kommerziellen Gebrauch gestattet. Soweit die Inhalte auf dieser Seite nicht vom Betreiber erstellt wurden, werden die Urheberrechte Dritter beachtet. Insbesondere werden Inhalte Dritter als solche gekennzeichnet. Sollten Sie trotzdem auf eine Urheberrechtsverletzung aufmerksam werden, bitten wir um einen entsprechenden Hinweis. Bei Bekanntwerden von Rechtsverletzungen werden wir derartige Inhalte umgehend entfernen.<\/p>\n<p><span style=\"text-decoration: underline;\">Datenschutz<\/span><br \/>\nsiehe <a href=\"http:\/\/www.heidi-muehlenberg.de\/?page_id=651\">Datenschutzerkl\u00e4rung<\/a><\/p>\n<p><span style=\"text-decoration: underline;\">Sonstiges<\/span><\/p>\n<p>Der Nutzung von im Rahmen der Impressumspflicht ver\u00f6ffentlichten Kontaktdaten durch Dritte zur \u00dcbersendung von nicht ausdr\u00fccklich angeforderter Werbung und Informationsmaterialien wird hiermit ausdr\u00fccklich widersprochen. Die Betreiber der Seiten behalten sich ausdr\u00fccklich rechtliche Schritte im Falle der unverlangten Zusendung von Werbeinformationen, etwa durch Spam-Mails, vor.<\/p>\n<p>Quelle: Disclaimer von eRecht24, dem Portal zum Internetrecht von Rechtsanwalt S\u00f6ren Siebert (in Ausz\u00fcgen).<\/p>\n<p>Die Webseite wurde erstellt von Hannes M\u00fchlenberg mit Fotoaufnahmen von Karsten Smid und Heidi M\u00fchlenberg.<\/p>\n","protected":false},"excerpt":{"rendered":"<p>Dr. Heidi M\u00fchlenberg Holstentwiete 43 22763 Hamburg Telefon: +49 (0)40 397724 Mobil: +49 (0)176 47709023 E-Mail:heidi.muehlenberg(at)gmx.de Angaben gem\u00e4\u00df \u00a7 5 TMG (Impressum) Umsatzsteuer-Identifikationsnummer gem\u00e4\u00df \u00a727 a Umsatzsteuergesetz: 41\/232\/02479 Zust\u00e4ndiges Finanzamt: Finanzamt Hamburg-Altona Betriebsnummer: 17158773 Verantwortlich f\u00fcr den Inhalt nach \u00a7 55 Abs. 2 RStV: Dr. Heidi M\u00fchlenberg Haftungsausschluss: Haftung f\u00fcr Inhalte Die Inhalte meiner, <a class=\"read-more\" href=\"https:\/\/www.heidi-muehlenberg.de\/?page_id=132\">Read More<\/a><\/p>\n","protected":false},"author":1,"featured_media":0,"parent":0,"menu_order":7,"comment_status":"open","ping_status":"open","template":"","meta":{"footnotes":""},"class_list":["post-132","page","type-page","status-publish","hentry"],"_links":{"self":[{"href":"https:\/\/www.heidi-muehlenberg.de\/index.php?rest_route=\/wp\/v2\/pages\/132"}],"collection":[{"href":"https:\/\/www.heidi-muehlenberg.de\/index.php?rest_route=\/wp\/v2\/pages"}],"about":[{"href":"https:\/\/www.heidi-muehlenberg.de\/index.php?rest_route=\/wp\/v2\/types\/page"}],"author":[{"embeddable":true,"href":"https:\/\/www.heidi-muehlenberg.de\/index.php?rest_route=\/wp\/v2\/users\/1"}],"replies":[{"embeddable":true,"href":"https:\/\/www.heidi-muehlenberg.de\/index.php?rest_route=%2Fwp%2Fv2%2Fcomments&post=132"}],"version-history":[{"count":16,"href":"https:\/\/www.heidi-muehlenberg.de\/index.php?rest_route=\/wp\/v2\/pages\/132\/revisions"}],"predecessor-version":[{"id":665,"href":"https:\/\/www.heidi-muehlenberg.de\/index.php?rest_route=\/wp\/v2\/pages\/132\/revisions\/665"}],"wp:attachment":[{"href":"https:\/\/www.heidi-muehlenberg.de\/index.php?rest_route=%2Fwp%2Fv2%2Fmedia&parent=132"}],"curies":[{"name":"wp","href":"https:\/\/api.w.org\/{rel}","templated":true}]}}